{"id":111,"date":"2019-08-01T20:58:13","date_gmt":"2019-08-01T20:58:13","guid":{"rendered":"https:\/\/eaglepowerconnect.com\/pl\/?page_id=111"},"modified":"2019-08-01T22:37:20","modified_gmt":"2019-08-01T22:37:20","slug":"dolacz-do-nas","status":"publish","type":"page","link":"https:\/\/eaglepowerconnect.com\/pl\/dolacz-do-nas\/","title":{"rendered":"Do\u0142\u0105cz do nas"},"content":{"rendered":"<p>Jako cz\u0142onek Polskiej spo\u0142eczno\u015bci mieszkaj\u0105cy za granic\u0105 mo\u017cesz pom\u00f3c nam zbudowa\u0107 Zaufanie do firm z polskimi korzeniami, kt\u00f3rego ca\u0142y czas na emigracji brakuje.<\/p>\n<p>&nbsp;<\/p>\n<p>Je\u015bli chcesz zosta\u0107 Cz\u0142onkiem Naszej spo\u0142eczno\u015bci i nie boisz si\u0119 poleci\u0107 Polskiej Firmy swoim znajomy to czekamy na informacje do Ciebie. Firma, kt\u00f3r\u0105 polecasz otrzyma od nas list z podzi\u0119kowaniem za dobr\u0105 wsp\u00f3\u0142prac\u0119 i dowie si\u0119, \u017ce ma zadowolonych klient\u00f3w a tak\u017ce b\u0119dzie mog\u0142a do\u0142\u0105czy\u0107 do grupy naszych Partner\u00f3w. Dzi\u0119ki Swojemu udzia\u0142owi w naszym projekcie pomo\u017cesz innym w podejmowaniu trafnych decyzji w temacie z kim warto i gdzie warto.<\/p>\n<p>&nbsp;<\/p>\n<p>Aby zosta\u0107 Cz\u0142onkiem rodziny grupy EPC musisz mie\u0107 uko\u0144czone 18 lat aby zarejestrowa\u0107 si\u0119 na naszej stronie.<\/p>\n<p>&nbsp;<\/p>\n<p>\u017beby skorzysta\u0107 z przywilej\u00f3w cz\u0142onkostwa nale\u017cy dokona\u0107 p\u0142atno\u015bci sk\u0142adki cz\u0142onkowskiej w wysoko\u015bci \u00a320. \u017beby mie\u0107 mo\u017cliwo\u015b\u0107 komentowania us\u0142ug dodawanych Partner\u00f3w nale\u017cy posiada\u0107 zweryfikowane konto w serwisie spo\u0142eczno\u015bciowym (Facebook, Twitter etc.) lub poprzez PayPal (mo\u017cna te\u017c dokona\u0107 p\u0142atno\u015bci sk\u0142adki cz\u0142onkowskiej poprzez zweryfikowane konto PayPal \u2013 weryfikacja konta musi by\u0107 wykonana przed dokonaniem p\u0142atno\u015bci). \u017beby otrzyma\u0107 promocyjne Tokeny dla cz\u0142onk\u00f3w grupy EPC nale\u017cy za\u0142o\u017cy\u0107 portfel walutowy i poda\u0107 adres do przes\u0142ania Token\u00f3w.<\/p>\n<p>&nbsp;<\/p>\n<p>Korzystanie z zasob\u00f3w naszych stron i ofert naszych partner\u00f3w nie wymaga dodatkowych op\u0142at ani podpisywania \u017cadnych um\u00f3w, czy deklaracji. Nasi Partnerzy oferuj\u0105 Cz\u0142onkom naszej spo\u0142eczno\u015bci wyselekcjonowane pakiety promocyjne i nagrody oraz bonusy. Grupa ekspercka w dziedzinie finans\u00f3w, ksi\u0119gowo\u015bci i prawa oferuje darmowe porady w wielu dziedzinach. Nie musisz wi\u0119c kupowa\u0107 kota w worku i zanim skorzystasz z innych dost\u0119pnych na rynku ofert mo\u017cesz sprawdzi\u0107 nasz\u0105 opiniotw\u00f3rcz\u0105 spo\u0142eczno\u015bciow\u0105 stron\u0119.<\/p>\n<p>&nbsp;<\/p>\n<p><b class=\"\">I Ty mo\u017cesz co\u015b zmieni\u0107, czekamy na Ciebie i twoje opinie. \u00a0<\/b><\/p>\n","protected":false},"excerpt":{"rendered":"<p>Jako cz\u0142onek Polskiej spo\u0142eczno\u015bci mieszkaj\u0105cy za granic\u0105 mo\u017cesz pom\u00f3c nam zbudowa\u0107 Zaufanie do firm z polskimi korzeniami, kt\u00f3rego ca\u0142y czas na emigracji brakuje. &nbsp; Je\u015bli chcesz zosta\u0107 Cz\u0142onkiem Naszej spo\u0142eczno\u015bci i nie boisz si\u0119 poleci\u0107 Polskiej Firmy swoim znajomy to czekamy na informacje do Ciebie. Firma, kt\u00f3r\u0105 polecasz otrzyma od nas list z podzi\u0119kowaniem za [&hellip;]<\/p>\n","protected":false},"author":1,"featured_media":0,"parent":0,"menu_order":0,"comment_status":"closed","ping_status":"closed","template":"","meta":[],"_links":{"self":[{"href":"https:\/\/eaglepowerconnect.com\/pl\/wp-json\/wp\/v2\/pages\/111"}],"collection":[{"href":"https:\/\/eaglepowerconnect.com\/pl\/wp-json\/wp\/v2\/pages"}],"about":[{"href":"https:\/\/eaglepowerconnect.com\/pl\/wp-json\/wp\/v2\/types\/page"}],"author":[{"embeddable":true,"href":"https:\/\/eaglepowerconnect.com\/pl\/wp-json\/wp\/v2\/users\/1"}],"replies":[{"embeddable":true,"href":"https:\/\/eaglepowerconnect.com\/pl\/wp-json\/wp\/v2\/comments?post=111"}],"version-history":[{"count":4,"href":"https:\/\/eaglepowerconnect.com\/pl\/wp-json\/wp\/v2\/pages\/111\/revisions"}],"predecessor-version":[{"id":157,"href":"https:\/\/eaglepowerconnect.com\/pl\/wp-json\/wp\/v2\/pages\/111\/revisions\/157"}],"wp:attachment":[{"href":"https:\/\/eaglepowerconnect.com\/pl\/wp-json\/wp\/v2\/media?parent=111"}],"curies":[{"name":"wp","href":"https:\/\/api.w.org\/{rel}","templated":true}]}}