{"id":118,"date":"2019-08-01T21:09:02","date_gmt":"2019-08-01T21:09:02","guid":{"rendered":"https:\/\/eaglepowerconnect.com\/pl\/?page_id=118"},"modified":"2020-01-27T14:07:23","modified_gmt":"2020-01-27T14:07:23","slug":"regulamin","status":"publish","type":"page","link":"https:\/\/eaglepowerconnect.com\/pl\/regulamin\/","title":{"rendered":"Regulamin"},"content":{"rendered":"<p><strong>Eagle Power Connect ltd.<\/strong><\/p>\n<p><strong>\u00a0<\/strong><\/p>\n<p><strong>Warunki korzystania ze strony internetowej EaglePowerConnect na dzie\u0144 16\/08\/2019<\/strong><\/p>\n<p><strong>\u00a0<\/strong><\/p>\n<p>Przeczytaj uwa\u017cnie poni\u017csze zasady i warunki reguluj\u0105ce korzystanie z tej Witryny.<\/p>\n<p>&nbsp;<\/p>\n<p>Wszystkie materia\u0142y zawarte na stronie internetowej Eagle Power Connect (Wielka Brytania) (www.eaglepowerconnect.com) s\u0105 obj\u0119te klauzul\u0105 \u200b\u200bo wy\u0142\u0105czeniu odpowiedzialno\u015bci i s\u0105 chronione prawem autorskim.<\/p>\n<p>&nbsp;<\/p>\n<p>Dost\u0119p do tej strony internetowej (www.eaglepowerconnect.com) podlega nast\u0119puj\u0105cym warunkom:<\/p>\n<p>&nbsp;<\/p>\n<ol>\n<li>Znaki handlowe<\/li>\n<\/ol>\n<p>&nbsp;<\/p>\n<p>\u201eEaglePowerConnect\u201d i logo \u201eEPC\u201d s\u0105 znakami towarowymi. Wszystkie inne znaki towarowe i logo u\u017cyte na tej stronie s\u0105 znakami towarowymi lub logo ich w\u0142a\u015bcicieli.<\/p>\n<p>&nbsp;<\/p>\n<ol start=\"2\">\n<li>Linki do innych stron internetowych<\/li>\n<\/ol>\n<p>&nbsp;<\/p>\n<p>Ta strona zawiera linki do innych stron obs\u0142ugiwanych przez strony trzecie. Eagle Power Connect ltd nie ponosi \u017cadnej odpowiedzialno\u015bci za tre\u015b\u0107 stron os\u00f3b trzecich. Istnienie tych link\u00f3w nie stanowi poparcia takich witryn, a linkowanie do nich odbywa si\u0119 na w\u0142asne ryzyko.<\/p>\n<p>&nbsp;<\/p>\n<ol start=\"3\">\n<li>Dok\u0142adno\u015b\u0107 tre\u015bci<\/li>\n<\/ol>\n<p>&nbsp;<\/p>\n<p>Chocia\u017c do\u0142o\u017cono wszelkich uzasadnionych stara\u0144, aby zapewni\u0107 dok\u0142adno\u015b\u0107 tre\u015bci, nie mo\u017cna bra\u0107 odpowiedzialno\u015bci za jakiekolwiek b\u0142\u0119dy lub przeoczenia. \u017badne porady ani informacje, zar\u00f3wno ustne, jak i pisemne, uzyskane od U\u017cytkownik\u00f3w z for\u00f3w dyskusyjnych lub czat\u00f3w na stronie www.eaglepowerconnect.com nie stanowi\u0105 gwarancji, kt\u00f3ra nie zosta\u0142a wyra\u017anie udzielona w niniejszych warunkach \u015bwiadczenia us\u0142ug lub na\u0142o\u017cona przez prawo.<\/p>\n<p>&nbsp;<\/p>\n<ol start=\"4\">\n<li>Fotografie<\/li>\n<\/ol>\n<p>&nbsp;<\/p>\n<p>Zdj\u0119cia w sieci u\u017cyte na tej stronie s\u0105 modelami i nie przedstawiaj\u0105 faktycznych wydarze\u0144.<\/p>\n<p>&nbsp;<\/p>\n<ol start=\"5\">\n<li>Rejestracja<\/li>\n<\/ol>\n<p>&nbsp;<\/p>\n<p>Jednak wi\u0119kszo\u015b\u0107 element\u00f3w witryny www.eaglepowerconnect.com mo\u017ce by\u0107 wy\u015bwietlana przez ka\u017cdego, aby uzyska\u0107 dost\u0119p do niekt\u00f3rych us\u0142ug, np. fora dyskusyjne i wszelkie dzia\u0142ania na czacie, musisz zarejestrowa\u0107 si\u0119 jako cz\u0142onek. Rejestruj\u0105c si\u0119 u nas, o\u015bwiadczasz, \u017ce masz uko\u0144czone 18 lat lub jeste\u015b osob\u0105 niepe\u0142noletni\u0105, wyra\u017caj\u0105c\u0105 zgod\u0119 rodzic\u00f3w na korzystanie z us\u0142ugi, dla kt\u00f3rej si\u0119 rejestrujesz. Zgadzasz si\u0119, \u017ce wszelkie informacje, kt\u00f3re nam przekazujesz o sobie podczas rejestracji lub w dowolnym innym czasie, b\u0119d\u0105 prawdziwe, dok\u0142adne i kompletne oraz \u017ce zapewnisz, \u017ce informacje te b\u0119d\u0105 zawsze dok\u0142adne i aktualne.<\/p>\n<p>&nbsp;<\/p>\n<ol start=\"6\">\n<li>Has\u0142o<\/li>\n<\/ol>\n<p>&nbsp;<\/p>\n<p>Podczas rejestracji w celu korzystania z zasob\u00f3w strony www.eaglepowerconnect.com zostaniesz poproszony o utworzenie has\u0142a. Musisz zachowa\u0107 to has\u0142o w tajemnicy i nie wolno go ujawnia\u0107 ani udost\u0119pnia\u0107 nikomu. Zostaniesz uznany za odpowiedzialnego za wszystkie dzia\u0142ania wykonywane pod Twoim has\u0142em. Je\u015bli wiesz lub podejrzewasz, \u017ce kto\u015b zna twoje has\u0142o, niezw\u0142ocznie nas o tym powiadom.<\/p>\n<p>&nbsp;<\/p>\n<ol start=\"7\">\n<li>Twoje korzystanie ze strony www.eaglepowerconnect.com<\/li>\n<\/ol>\n<p>&nbsp;<\/p>\n<p>Eagle Power Connect ltd niekoniecznie popiera opinie wyra\u017cone przez u\u017cytkownik\u00f3w, na przyk\u0142ad na forach dyskusyjnych. Tylko Ty jeste\u015b odpowiedzialny za tre\u015b\u0107 swoich wiadomo\u015bci i korzystanie ze strony www.eaglepowerconnect.com oraz konsekwencje takich wiadomo\u015bci. Korzystaj\u0105c ze strony www.eaglepowerconnect.com, zgadzasz si\u0119 przestrzega\u0107 nast\u0119puj\u0105cych wytycznych:<\/p>\n<p>(a) Witryna www.eaglepowerconnect.com mo\u017ce by\u0107 u\u017cywana wy\u0142\u0105cznie do u\u017cytku osobistego, a korzystanie z witryny www.eaglepowerconnect.com w celach komercyjnych lub w celu uzyskania korzy\u015bci finansowych jest surowo zabronione i bez uprzedniej pisemnej zgody Eagle Power Connect ltd jest zabronione.<\/p>\n<p>(b) Witryna www.eaglepowerconnect.com nie mo\u017ce by\u0107 u\u017cywana do wysy\u0142ania list\u00f3w \u0142a\u0144cuszkowych, wiadomo\u015bci-\u015bmieci, \u201espamu\u201d, nagabywania lub komunikacji masowej jakiegokolwiek rodzaju, chyba \u017ce odbiorca udzieli\u0142 okre\u015blonych zezwole\u0144 na umieszczenie na takiej li\u015bcie.<\/p>\n<p>(c) Nie mo\u017cesz publikowa\u0107 na stronie www.eaglepowerconnect.com \u017cadnych wiadomo\u015bci lub materia\u0142\u00f3w, kt\u00f3re s\u0105 niezgodne z prawem, n\u0119kaj\u0105ce, znies\u0142awiaj\u0105ce, obra\u017aliwe, gro\u017c\u0105ce, szkodliwe, wulgarne, obsceniczne, gro\u017c\u0105ce rasowo lub seksualnie lub w inny spos\u00f3b dyskryminuj\u0105ce, obra\u017aliwe, niedok\u0142adne, z naruszeniem zaufania lub prawami w\u0142asno\u015bci intelektualnej strony trzeciej lub kt\u00f3re w inny spos\u00f3b zawieraj\u0105 budz\u0105ce zastrze\u017cenia materia\u0142y dowolnego rodzaju lub charakteru, kt\u00f3re zach\u0119caj\u0105 lub anga\u017cuj\u0105 si\u0119 w post\u0119powanie, kt\u00f3re mo\u017ce stanowi\u0107 przest\u0119pstwo, prowadzi\u0107 do odpowiedzialno\u015bci cywilnej lub w inny spos\u00f3b narusza\u0107 obowi\u0105zuj\u0105ce przepisy lokalne, krajowe lub mi\u0119dzynarodowe prawo lub regulacje lub kt\u00f3re maj\u0105 zak\u0142\u00f3caj\u0105cy wp\u0142yw na normalny przep\u0142yw forum. Nie wolno podszywa\u0107 si\u0119 pod inne osoby lub podmioty, zar\u00f3wno faktyczne, jak i fikcyjne. Je\u015bli uwa\u017casz, \u017ce kt\u00f3rykolwiek z warunk\u00f3w zosta\u0142 z\u0142amany przez u\u017cytkownik\u00f3w, napisz do zarz\u0105du naszej sp\u00f3\u0142ki. Istniej\u0105 zasady u\u017cytkowania, kt\u00f3re reguluj\u0105 aktywno\u015b\u0107 na forach dyskusyjnych i nale\u017cy ich przestrzega\u0107 przez ca\u0142y czas. Niniejszy regulamin gwarantuje zasady u\u017cytkowania.<\/p>\n<p>(d) Nie wolno korzysta\u0107 ze strony www.eaglepowerconnect.com w spos\u00f3b, w kt\u00f3rym mo\u017cna zasadnie oczekiwa\u0107, \u017ce spowoduje to przerwanie, uszkodzenie, zmniejszenie wydajno\u015bci lub kt\u00f3re w jakikolwiek spos\u00f3b mog\u0105 uszkodzi\u0107 dzia\u0142anie komputera innego u\u017cytkownika.<\/p>\n<p>(e) Eagle Power Connect Ltd zastrzega sobie prawo, wed\u0142ug w\u0142asnego uznania, w dowolnym momencie do edytowania, zmieniania, usuwania lub przenoszenia jakichkolwiek materia\u0142\u00f3w zamieszczonych, pojawiaj\u0105cych si\u0119 lub dystrybuowanych\u00a0 na www.eaglepowerconnect.com i ciebie. Zastrzegamy sobie r\u00f3wnie\u017c prawo, wed\u0142ug naszego wy\u0142\u0105cznego uznania, do zablokowania dost\u0119pu u\u017cytkownika do for\u00f3w dyskusyjnych lub komunikatora rozm\u00f3w.<\/p>\n<p>&nbsp;<\/p>\n<ol start=\"8\">\n<li>Zwrot darowizny<\/li>\n<\/ol>\n<p>Eagle Power Connect ltd. ci\u0119\u017cko pracuj, aby proces przekazywania darowizny by\u0142 p\u0142ynny i bezproblemowy. Zdajemy sobie jednak spraw\u0119, \u017ce czasami mog\u0105 si\u0119 zdarzy\u0107 b\u0142\u0119dy. Zgodnie z prawem charytatywnym organizacje charytatywne nie mog\u0105 zwraca\u0107 darowizn, z wyj\u0105tkiem szczeg\u00f3lnych okoliczno\u015bci okre\u015blonych w Charities Act 2011. Je\u015bli wyst\u0105pi\u0142 b\u0142\u0105d lub chcesz om\u00f3wi\u0107 darowizn\u0119, skontaktuj si\u0119 z naszym zespo\u0142em ds. Relacji ze wspieraj\u0105cymi na office@eaglepowerconnect.com lub zadzwo\u0144 pod numer 01733739154.<\/p>\n<p>Ch\u0119tnie Ci pomo\u017cemy i zadamy Ci kilka pyta\u0144, aby ustali\u0107, co si\u0119 sta\u0142o, aby\u015bmy mogli pom\u00f3c w ka\u017cdy mo\u017cliwy spos\u00f3b. Jeste\u015bmy zobowi\u0105zani do przestrzegania najwy\u017cszych standard\u00f3w zgodno\u015bci z prawem i wszelkie wnioski o zwrot pieni\u0119dzy traktujemy z najwy\u017csz\u0105 wag\u0119. Twoje obawy s\u0105 dla nas wa\u017cne i chcemy Ci\u0119 zapewni\u0107, \u017ce b\u0119dziemy aktualizowa\u0107 Ci\u0119 na ka\u017cdym etapie. Zanim b\u0119dziemy w stanie rozpatrzy\u0107 twoj\u0105 pro\u015bb\u0119, b\u0119dziemy potrzebowa\u0107 od ciebie pewnych dokument\u00f3w, poniewa\u017c bez nich nie mo\u017cemy kontynuowa\u0107 procesu. Po otrzymaniu wszystkiego mo\u017cemy doradzi\u0107, jak d\u0142ugo potrwa rozwi\u0105zywanie sprawy\u00a0 &#8211; zwykle 7-10 dni roboczych.<\/p>\n<p>&nbsp;<\/p>\n<ol start=\"9\">\n<li>W\u0142asno\u015b\u0107 intelektualna<\/li>\n<\/ol>\n<p>(a) Eagle Power Connect ltd. posiada prawa autorskie i inne prawa w\u0142asno\u015bci intelektualnej do www.eagle.powerconnect.com i jego zawarto\u015bci. \u201ePrawa\u201d oznaczaj\u0105 prawa autorskie, prawa do baz danych, znaki handlowe, prawa do wzor\u00f3w oraz inne prawa intelektualne i maj\u0105tkowe o dowolnym charakterze, w dowolnym miejscu na \u015bwiecie. U\u017cytkownik przyjmuje do wiadomo\u015bci, \u017ce (i) Eagle Power Connect ltd. jest chroniony tymi prawami; (ii) Prawa te s\u0105 wa\u017cne i chronione we wszystkich mediach i technologiach istniej\u0105cych obecnie lub p\u00f3\u017aniej opracowanych; oraz (iii) o ile wyra\u017anie nie postanowiono inaczej, niniejsze Warunki i obowi\u0105zuj\u0105ce prawa autorskie, znaki handlowe i inne prawa reguluj\u0105 korzystanie z tych Praw.<\/p>\n<p>(b) U\u017cytkownik mo\u017ce przegl\u0105da\u0107, drukowa\u0107, pobiera\u0107 lub przechowywa\u0107 wyci\u0105gi ze strony www.eaglepowerconnect.com w celach osobistych, niekomercyjnych, bez modyfikacji, dodawania lub usuwania. Nie wolno w inny spos\u00f3b kopiowa\u0107, powiela\u0107, rozpowszechnia\u0107, publikowa\u0107, wykorzystywa\u0107 komercyjnie ani w \u017caden inny spos\u00f3b przenosi\u0107 \u017cadnych materia\u0142\u00f3w lub tre\u015bci z www.eaglepowerconnect.com bez uprzedniej zgody.<\/p>\n<p>(c) Przesy\u0142aj\u0105c tre\u015bci, kt\u00f3re obejmuj\u0105 imi\u0119 i nazwisko Cz\u0142onka w dowolnym publicznym obszarze www.eaglepowerconnect.com, w tym na forach dyskusyjnych, udzielasz EaglePowerConnect bezp\u0142atnej, wieczystej, niewy\u0142\u0105cznej licencji na u\u017cywanie, reprodukcj\u0119, modyfikacj\u0119, adaptacj\u0119 , publikowa\u0107 i t\u0142umaczy\u0107 takie tre\u015bci na potrzeby spo\u0142eczno\u015bci online w celu dostarczania informacji, promowania us\u0142ug oraz oferowania interakcji i komunikacji mi\u0119dzy u\u017cytkownikami spo\u0142eczno\u015bci.<\/p>\n<p>&nbsp;<\/p>\n<ol start=\"10\">\n<li>Ograniczenie odpowiedzialno\u015bci<\/li>\n<\/ol>\n<p>Eagle Power Connect ltd nie gwarantuje, \u017ce dost\u0119p do tej strony internetowej b\u0119dzie nieprzerwany, \u017ce strona ta b\u0119dzie wolna od wirus\u00f3w lub \u017ce strona ta nie b\u0119dzie modyfikowana przez osoby trzecie. Niniejsza strona internetowa i informacje s\u0105 udost\u0119pniane \u201etakie, jakie s\u0105\u201d, bez jakichkolwiek gwarancji, wyra\u017anych lub dorozumianych, w tym mi\u0119dzy innymi gwarancji lub domniemanych gwarancji przydatno\u015bci handlowej lub przydatno\u015bci do okre\u015blonego celu. Korzystanie z tej witryny i informacji odbywa si\u0119 wy\u0142\u0105cznie na w\u0142asne ryzyko u\u017cytkownika. W \u017cadnym wypadku EaglePowerConnect nie ponosi odpowiedzialno\u015bci za jakiekolwiek szkody powsta\u0142e w zwi\u0105zku z t\u0105 witryn\u0105 lub z ni\u0105 zwi\u0105zane. Jedynym i wy\u0142\u0105cznym \u015brodkiem zaradczym za niezadowolenie z tej witryny i \/ lub informacji jest zaprzestanie korzystania z witryny i informacji.<\/p>\n<p>&nbsp;<\/p>\n<ol start=\"11\">\n<li>Modyfikacja regulaminu<\/li>\n<\/ol>\n<p>&nbsp;<\/p>\n<p>EaglePowerConect mo\u017ce modyfikowa\u0107 warunki niniejszej umowy na tej stronie. Zgadzasz si\u0119 okresowo przegl\u0105da\u0107 niniejsz\u0105 umow\u0119, aby by\u0107 \u015bwiadomym wszelkich takich zmian. Je\u015bli zmiana jest dla Ciebie nie do zaakceptowania, zgadzasz si\u0119 zaprzesta\u0107 uzyskiwania dost\u0119pu do tej witryny. Dalsze korzystanie z tej strony internetowej po powiadomieniu o ka\u017cdej takiej zmianie b\u0119dzie uwa\u017cane za akceptacj\u0119 i zgod\u0119 na przestrzeganie wszystkich takich zmian.<\/p>\n<p>&nbsp;<\/p>\n<p>Eagle Power Connect ltd jest zarejestrowan\u0105 sp\u00f3\u0142k\u0105 z ograniczon\u0105 odpowiedzialno\u015bci\u0105 zarejestrowan\u0105 w Wielkiej Brytanii pod numerem 8554420.<\/p>\n<p>&nbsp;<\/p>\n<p>Siedziba to:<\/p>\n<p>&nbsp;<\/p>\n<p>Eagle Power Connect Ltd.<\/p>\n<p>&nbsp;<\/p>\n<p>8A Foster Road<\/p>\n<p>PE2 9RS<\/p>\n<p>Peterborough<\/p>\n<p>Cambridgeshire<\/p>\n<p>Wielka Brytania<\/p>\n","protected":false},"excerpt":{"rendered":"<p>Eagle Power Connect ltd. \u00a0 Warunki korzystania ze strony internetowej EaglePowerConnect na dzie\u0144 16\/08\/2019 \u00a0 Przeczytaj uwa\u017cnie poni\u017csze zasady i warunki reguluj\u0105ce korzystanie z tej Witryny. &nbsp; Wszystkie materia\u0142y zawarte na stronie internetowej Eagle Power Connect (Wielka Brytania) (www.eaglepowerconnect.com) s\u0105 obj\u0119te klauzul\u0105 \u200b\u200bo wy\u0142\u0105czeniu odpowiedzialno\u015bci i s\u0105 chronione prawem autorskim. &nbsp; Dost\u0119p do tej strony [&hellip;]<\/p>\n","protected":false},"author":1,"featured_media":0,"parent":0,"menu_order":0,"comment_status":"closed","ping_status":"closed","template":"","meta":[],"_links":{"self":[{"href":"https:\/\/eaglepowerconnect.com\/pl\/wp-json\/wp\/v2\/pages\/118"}],"collection":[{"href":"https:\/\/eaglepowerconnect.com\/pl\/wp-json\/wp\/v2\/pages"}],"about":[{"href":"https:\/\/eaglepowerconnect.com\/pl\/wp-json\/wp\/v2\/types\/page"}],"author":[{"embeddable":true,"href":"https:\/\/eaglepowerconnect.com\/pl\/wp-json\/wp\/v2\/users\/1"}],"replies":[{"embeddable":true,"href":"https:\/\/eaglepowerconnect.com\/pl\/wp-json\/wp\/v2\/comments?post=118"}],"version-history":[{"count":3,"href":"https:\/\/eaglepowerconnect.com\/pl\/wp-json\/wp\/v2\/pages\/118\/revisions"}],"predecessor-version":[{"id":177,"href":"https:\/\/eaglepowerconnect.com\/pl\/wp-json\/wp\/v2\/pages\/118\/revisions\/177"}],"wp:attachment":[{"href":"https:\/\/eaglepowerconnect.com\/pl\/wp-json\/wp\/v2\/media?parent=118"}],"curies":[{"name":"wp","href":"https:\/\/api.w.org\/{rel}","templated":true}]}}