{"id":124,"date":"2019-08-01T21:17:36","date_gmt":"2019-08-01T21:17:36","guid":{"rendered":"https:\/\/eaglepowerconnect.com\/pl\/?page_id=124"},"modified":"2019-08-01T21:24:58","modified_gmt":"2019-08-01T21:24:58","slug":"partnerzy","status":"publish","type":"page","link":"https:\/\/eaglepowerconnect.com\/pl\/partnerzy\/","title":{"rendered":"Partnerzy"},"content":{"rendered":"<p>Partnerem naszego projektu mo\u017ce zosta\u0107 tylko firma polecana przez naszych Cz\u0142onk\u00f3w jednak nie odbywa si\u0119 to automatycznie. Ka\u017cda firma chc\u0105ca zaprezentowa\u0107 swoj\u0105 ofert\u0119, musi posiada\u0107 stron\u0119 internetow\u0105 i obs\u0142ug\u0119 prowadzon\u0105 w j\u0119zyku polskim a tak\u017ce w okresie weryfikacji zaproponowa\u0107 pakiet bonusowy dla naszych Cz\u0142onk\u00f3w.<\/p>\n<p>&nbsp;<\/p>\n<p>Rzetelnie ocenimy i podejmiemy decyzj\u0119 o udzielaniu naszej rekomendacji firmie przez Was polecanej. W okresie weryfikacji ka\u017cda przez Was zg\u0142oszona firma trafi na nasz\u0105 list\u0119 obserwacyjn\u0105 a po uzyskaniu Rekomendacji lub\/ i Certyfikatu Rzetelno\u015bci staj\u0105c si\u0119 naszym Partnerem b\u0119dzie mog\u0142a ona bezp\u0142atnie reklamowa\u0107 swoje us\u0142ugi na naszych stronach.<\/p>\n<p>&nbsp;<\/p>\n<p>&nbsp;<\/p>\n","protected":false},"excerpt":{"rendered":"<p>Partnerem naszego projektu mo\u017ce zosta\u0107 tylko firma polecana przez naszych Cz\u0142onk\u00f3w jednak nie odbywa si\u0119 to automatycznie. Ka\u017cda firma chc\u0105ca zaprezentowa\u0107 swoj\u0105 ofert\u0119, musi posiada\u0107 stron\u0119 internetow\u0105 i obs\u0142ug\u0119 prowadzon\u0105 w j\u0119zyku polskim a tak\u017ce w okresie weryfikacji zaproponowa\u0107 pakiet bonusowy dla naszych Cz\u0142onk\u00f3w. &nbsp; Rzetelnie ocenimy i podejmiemy decyzj\u0119 o udzielaniu naszej rekomendacji firmie [&hellip;]<\/p>\n","protected":false},"author":1,"featured_media":0,"parent":0,"menu_order":0,"comment_status":"closed","ping_status":"closed","template":"","meta":[],"_links":{"self":[{"href":"https:\/\/eaglepowerconnect.com\/pl\/wp-json\/wp\/v2\/pages\/124"}],"collection":[{"href":"https:\/\/eaglepowerconnect.com\/pl\/wp-json\/wp\/v2\/pages"}],"about":[{"href":"https:\/\/eaglepowerconnect.com\/pl\/wp-json\/wp\/v2\/types\/page"}],"author":[{"embeddable":true,"href":"https:\/\/eaglepowerconnect.com\/pl\/wp-json\/wp\/v2\/users\/1"}],"replies":[{"embeddable":true,"href":"https:\/\/eaglepowerconnect.com\/pl\/wp-json\/wp\/v2\/comments?post=124"}],"version-history":[{"count":1,"href":"https:\/\/eaglepowerconnect.com\/pl\/wp-json\/wp\/v2\/pages\/124\/revisions"}],"predecessor-version":[{"id":125,"href":"https:\/\/eaglepowerconnect.com\/pl\/wp-json\/wp\/v2\/pages\/124\/revisions\/125"}],"wp:attachment":[{"href":"https:\/\/eaglepowerconnect.com\/pl\/wp-json\/wp\/v2\/media?parent=124"}],"curies":[{"name":"wp","href":"https:\/\/api.w.org\/{rel}","templated":true}]}}