{"id":134,"date":"2019-08-01T21:23:39","date_gmt":"2019-08-01T21:23:39","guid":{"rendered":"https:\/\/eaglepowerconnect.com\/pl\/?page_id=134"},"modified":"2019-08-16T13:27:09","modified_gmt":"2019-08-16T13:27:09","slug":"o-nas","status":"publish","type":"page","link":"https:\/\/eaglepowerconnect.com\/pl\/o-nas\/","title":{"rendered":"O nas"},"content":{"rendered":"<p>Eagle Power Connect LTD powsta\u0142o w 2013 roku i od samego pocz\u0105tku jej podstawowym zadaniem by\u0142o wspieranie naszych rodak\u00f3w zagranic\u0105. Jako sp\u00f3\u0142ka brytyjska podlegamy wszystkim regulacj\u0105 na terenie Wielkiej Brytanii. \u0141\u0105czy nas przyja\u017a\u0144 i wsp\u00f3lna misja. Chcemy budowa\u0107 lepszy wizerunek Polak\u00f3w za granic\u0105 oraz wzrost dobrobytu wszystkich Partner\u00f3w i cz\u0142onk\u00f3w naszej Grupy.<\/p>\n","protected":false},"excerpt":{"rendered":"<p>Eagle Power Connect LTD powsta\u0142o w 2013 roku i od samego pocz\u0105tku jej podstawowym zadaniem by\u0142o wspieranie naszych rodak\u00f3w zagranic\u0105. Jako sp\u00f3\u0142ka brytyjska podlegamy wszystkim regulacj\u0105 na terenie Wielkiej Brytanii. \u0141\u0105czy nas przyja\u017a\u0144 i wsp\u00f3lna misja. Chcemy budowa\u0107 lepszy wizerunek Polak\u00f3w za granic\u0105 oraz wzrost dobrobytu wszystkich Partner\u00f3w i cz\u0142onk\u00f3w naszej Grupy.<\/p>\n","protected":false},"author":1,"featured_media":0,"parent":0,"menu_order":0,"comment_status":"closed","ping_status":"closed","template":"","meta":[],"_links":{"self":[{"href":"https:\/\/eaglepowerconnect.com\/pl\/wp-json\/wp\/v2\/pages\/134"}],"collection":[{"href":"https:\/\/eaglepowerconnect.com\/pl\/wp-json\/wp\/v2\/pages"}],"about":[{"href":"https:\/\/eaglepowerconnect.com\/pl\/wp-json\/wp\/v2\/types\/page"}],"author":[{"embeddable":true,"href":"https:\/\/eaglepowerconnect.com\/pl\/wp-json\/wp\/v2\/users\/1"}],"replies":[{"embeddable":true,"href":"https:\/\/eaglepowerconnect.com\/pl\/wp-json\/wp\/v2\/comments?post=134"}],"version-history":[{"count":3,"href":"https:\/\/eaglepowerconnect.com\/pl\/wp-json\/wp\/v2\/pages\/134\/revisions"}],"predecessor-version":[{"id":166,"href":"https:\/\/eaglepowerconnect.com\/pl\/wp-json\/wp\/v2\/pages\/134\/revisions\/166"}],"wp:attachment":[{"href":"https:\/\/eaglepowerconnect.com\/pl\/wp-json\/wp\/v2\/media?parent=134"}],"curies":[{"name":"wp","href":"https:\/\/api.w.org\/{rel}","templated":true}]}}