{"id":2,"date":"2019-02-16T23:37:07","date_gmt":"2019-02-16T23:37:07","guid":{"rendered":"https:\/\/eaglepowerconnect.com\/?page_id=2"},"modified":"2019-08-01T22:21:45","modified_gmt":"2019-08-01T22:21:45","slug":"misja","status":"publish","type":"page","link":"https:\/\/eaglepowerconnect.com\/pl\/misja\/","title":{"rendered":"Misja"},"content":{"rendered":"\r\n<p>Wed\u0142ug danych z GUS z 2018 roku Polak\u00f3w na emigracji na terenie Unii Europejskiej jest aktualnie ponad 2,5 miliona. W\u015br\u00f3d nich s\u0105 tacy co za\u0142o\u017cyli swoje firmy dopiero po wyje\u017adzie z kraju. Szacunkowo tych firm jest kilkaset tysi\u0119cy. Ile z tych firm znasz? Ilu Polak\u00f3w mieszka w Twojej okolicy? Czy znasz firmy z polskimi korzeniami w Twojej okolicy? To s\u0105 pytania, na kt\u00f3re ci\u0119\u017cko jest jednoznacznie odpowiedzie\u0107. Nasz\u0105 misj\u0105 jest dotarcie do tych firm i przedstawienie ich wi\u0119kszemu gronu naszych rodak\u00f3w tak aby tak\u017ce poza granicami naszego kraju wpiera\u0107 polskich przedsi\u0119biorc\u00f3w i promowa\u0107 to co &#8222;Dobre bo Polskie&#8221;.<\/p>\r\n<p>&nbsp;<\/p>\r\n<p>Tworzymy miejsce gdzie ka\u017cdy cz\u0142onek naszej spo\u0142eczno\u015bci mieszkaj\u0105cy na obczy\u017anie mo\u017ce podzieli\u0107 si\u0119 swoimi pozytywnymi do\u015bwiadczeniami ze wsp\u00f3\u0142pracy z Polskimi firmami dzia\u0142aj\u0105cymi poza granicami Polski. Naszym podstawowym celem jest stworzenie mo\u017cliwo\u015bci szybszego rozwoju polskich firm godnych zaufania poprzez grup\u0119 Cz\u0142onk\u00f3w polecaj\u0105cych, Partner\u00f3w polecaj\u0105cych i polecanych. Dzi\u0119ki temu miejscu \u0142atwiej b\u0119dzie Wam dotrze\u0107 do firm, z kt\u00f3rych warto i mo\u017cna mieszkaj\u0105c za granic\u0105 korzysta\u0107.<\/p>\r\n<p>&nbsp;<\/p>\r\n<p>Ka\u017cdy z nas marzy o \u017cyciu w miejscu, w kt\u00f3rym to co nasze polskie i warto\u015bciowe jest dla nas \u0142atwo dost\u0119pne. Chcemy stale budowa\u0107 pozytywny wizerunek firm z polskimi korzeniami i polsk\u0105 obs\u0142ug\u0105 dzia\u0142aj\u0105cych za granic\u0105 i podkre\u015bla\u0107 si\u0142\u0119 i znaczenie tworz\u0105cej si\u0119 wok\u00f3\u0142 grupy EPC polskiej wsp\u00f3lnoty w Unii Europejskiej. Wierzymy w si\u0142\u0119 ludzi, kt\u00f3rzy tak jak my chc\u0105 wspiera\u0107 i pomaga\u0107 rosn\u0105\u0107 biznesom swoich znajomych i przyjaci\u00f3\u0142, czy po prostu firmom z kt\u00f3rych us\u0142ug lubi\u0105 korzysta\u0107 ka\u017cdego dnia.<\/p>\r\n<p>&nbsp;<\/p>\r\n<p>Tworzymy miejsce gdzie dzia\u0142aj\u0105c fachowo i profesjonalnie ka\u017cdy Przedsi\u0119biorca b\u0119dzie mia\u0142 szans\u0119 przedstawi\u0107 sw\u00f3j zakres dzia\u0142alno\u015bci i \u015bwiadczonych przez swoj\u0105 firm\u0119 us\u0142ug, pokaza\u0107 sw\u00f3j biznes i pozna\u0107 osoby, kt\u00f3re s\u0105 zadowolone ze wsp\u00f3\u0142pracy. Jeste\u015bmy przekonani, \u017ce uzyskane wsparcie dzi\u0119ki szybkiemu rozwojowi sieci os\u00f3b zadowolonych z obecno\u015bci firm o polskich korzeniach pozwoli ludziom podobnym do nas cieszy\u0107 si\u0119 z d\u0142ugoletnich relacji zbudowanych na najlepszym fundamencie sukcesu &#8211; na ZAUFANIU.<\/p>\r\n<p>&nbsp;<\/p>\r\n<p>Nasz\u0105 spo\u0142eczno\u015b\u0107 cechuje lokalny patriotyzm a jego przejawem jest to, \u017ce lubimy to co nasze, to co Polskie i nie zra\u017ca nas fakt, \u017ce niekt\u00f3rzy \u017ale o naszych rodakach m\u00f3wi\u0105. Mamy ogromn\u0105 baz\u0119 pozytywnych do\u015bwiadcze\u0144, kt\u00f3rymi si\u0119 chcemy z Wami dzieli\u0107. Ch\u0119tnie te\u017c s\u0142uchamy innych i r\u00f3wnie\u017c korzystamy z polece\u0144. Pragniemy zach\u0119ci\u0107 wszystkich do tworzenia naszego wsp\u00f3lnego projektu za granic\u0105, aby jak najmniej os\u00f3b musia\u0142o do\u015bwiadcza\u0107 negatywnych sytuacji w kontaktach z firmami cechuj\u0105cymi si\u0119 brakiem fachowo\u015bci, czy znajomo\u015bci danego tematu.<\/p>\r\n<p>&nbsp;<\/p>\r\n<p>Nie tworzymy czarnej listy firm, kt\u00f3re nie powinny dzia\u0142a\u0107 na rynku. Wierzymy, \u017ce zadowoleni klienci poprzez Nasz\u0105 spo\u0142eczno\u015b\u0107 i system polece\u0144 najlepiej zweryfikuj\u0105 rzetelno\u015b\u0107 i uczciwo\u015b\u0107 firm kt\u00f3re polecaj\u0105. Wierzymy, \u017ce dzi\u0119ki Wam uda si\u0119 nam wsp\u00f3lnie stworzy\u0107 takie miejsce w sieci gdzie ka\u017cdy b\u0119dzie m\u00f3g\u0142 skorzysta\u0107 z oferty naszych partner\u00f3w, maj\u0105c szans\u0119 pozna\u0107 prawdziwe opinie na ich temat. Liczymy na to, \u017ce dzi\u0119ki naszym wsp\u00f3lnym dzia\u0142aniom ka\u017cdy kto zdecyduje si\u0119 na emigracj\u0119 b\u0119dzie m\u00f3g\u0142 wykorzysta\u0107 zasoby naszej spo\u0142eczno\u015bci jako wsparcie, stawiaj\u0105c swoje pierwsze kroki w nowym miejscu na obczy\u017anie bez obawy, \u017ce zostanie on niew\u0142a\u015bciwie potraktowany na samym starcie swojej przygody.\u00a0<\/p>\r\n<p>&nbsp;<\/p>\r\n<p>Nasi Cz\u0142onkowie polecaj\u0105 tylko takie firmy, czy swoje dzia\u0142ania z zakresu us\u0142ug, z kt\u00f3rych osobi\u015bcie korzystali i chcia\u0142y si\u0119 z nami swoimi pozytywnymi wra\u017ceniami podzieli\u0107. Otwarcie m\u00f3wi\u0105 o swoim zadowoleniu, komentuj\u0105 wysok\u0105 jako\u015b\u0107 oferowanych towar\u00f3w, czy us\u0142ug. Dzi\u0119kujemy im za odwag\u0119 i wiar\u0119 w Nas wszystkich. Nasi partnerzy s\u0105 wizyt\u00f3wk\u0105 nas Polak\u00f3w za granic\u0105 i chwa\u0142a im za to, dlatego \u017cyczymy im wielu lat sukces\u00f3w i nieustaj\u0105cego promowania wszystkiego tego, co pozwala nam by\u0107 dumnymi z tego kim jeste\u015bmy i sk\u0105d pochodzimy.\u00a0<\/p>\r\n","protected":false},"excerpt":{"rendered":"<p>Wed\u0142ug danych z GUS z 2018 roku Polak\u00f3w na emigracji na terenie Unii Europejskiej jest aktualnie ponad 2,5 miliona. W\u015br\u00f3d nich s\u0105 tacy co za\u0142o\u017cyli swoje firmy dopiero po wyje\u017adzie z kraju. Szacunkowo tych firm jest kilkaset tysi\u0119cy. Ile z tych firm znasz? Ilu Polak\u00f3w mieszka w Twojej okolicy? Czy znasz firmy z polskimi korzeniami [&hellip;]<\/p>\n","protected":false},"author":1,"featured_media":0,"parent":0,"menu_order":0,"comment_status":"closed","ping_status":"open","template":"","meta":[],"_links":{"self":[{"href":"https:\/\/eaglepowerconnect.com\/pl\/wp-json\/wp\/v2\/pages\/2"}],"collection":[{"href":"https:\/\/eaglepowerconnect.com\/pl\/wp-json\/wp\/v2\/pages"}],"about":[{"href":"https:\/\/eaglepowerconnect.com\/pl\/wp-json\/wp\/v2\/types\/page"}],"author":[{"embeddable":true,"href":"https:\/\/eaglepowerconnect.com\/pl\/wp-json\/wp\/v2\/users\/1"}],"replies":[{"embeddable":true,"href":"https:\/\/eaglepowerconnect.com\/pl\/wp-json\/wp\/v2\/comments?post=2"}],"version-history":[{"count":15,"href":"https:\/\/eaglepowerconnect.com\/pl\/wp-json\/wp\/v2\/pages\/2\/revisions"}],"predecessor-version":[{"id":154,"href":"https:\/\/eaglepowerconnect.com\/pl\/wp-json\/wp\/v2\/pages\/2\/revisions\/154"}],"wp:attachment":[{"href":"https:\/\/eaglepowerconnect.com\/pl\/wp-json\/wp\/v2\/media?parent=2"}],"curies":[{"name":"wp","href":"https:\/\/api.w.org\/{rel}","templated":true}]}}