{"id":3,"date":"2019-02-16T23:37:07","date_gmt":"2019-02-16T23:37:07","guid":{"rendered":"https:\/\/eaglepowerconnect.com\/?page_id=3"},"modified":"2022-02-01T13:50:24","modified_gmt":"2022-02-01T13:50:24","slug":"polityka-prywatnosci","status":"publish","type":"page","link":"https:\/\/eaglepowerconnect.com\/pl\/polityka-prywatnosci\/","title":{"rendered":"Polityka Prywatno\u015bci"},"content":{"rendered":"\r\n<h4>Wprowadzenie<\/h4>\r\n<h2>\u00a0<\/h2>\r\n<p>W niniejszym dokumencie dotycz\u0105cym Polityki Prywatno\u015bci opisano praktyki stosowane przez Sp\u00f3\u0142k\u0119 Eagle Power Connect Ltd. (\u201emy\u201d, \u201enasz\u201d lub \u201eSp\u00f3\u0142ka\u201d) w odniesieniu do informacji zebranych od Cz\u0142onk\u00f3w, Partner\u00f3w i U\u017cytkownik\u00f3w, kt\u00f3rzy korzystaj\u0105 z dost\u0119pu do naszej Witryny internetowej znajduj\u0105cej si\u0119 pod adresem <a href=\"http:\/\/www.eaglepowerconnect.com\/\">www.eaglepowerconnect.com<\/a> (\u201eWitryna\u201d) lub w inny spos\u00f3b udost\u0119pniaj\u0105 nam swoje dane osobowe (zbiorczo: \u201eU\u017cytkownicy\u201d).<\/p>\r\n<p>&nbsp;<\/p>\r\n<p>Organem odpowiedzialnym za przestrzeganie prawa ochrony danych osobowych, a w szczeg\u00f3lno\u015bci rozporz\u0105dzenie o ochronie danych osobowych (RODO) s\u0105 dyrektorzy Sp\u00f3\u0142ki lub\/ i\u00a0 inspektor ds. informacji poufnych o ile zostanie powo\u0142any.<\/p>\r\n<h2>\u00a0<\/h2>\r\n<h4>Prawa U\u017cytkownika<\/h4>\r\n<h2>\u00a0<\/h2>\r\n<p>U\u017cytkownik ma prawo:<\/p>\r\n<ol>\r\n<li>za\u017c\u0105da\u0107 otrzymania potwierdzenia, czy jego dane osobowe s\u0105 przetwarzane, oraz uzyskania dost\u0119pu do przechowywanych danych osobowych i innych informacji;<\/li>\r\n<li>za\u017c\u0105da\u0107 otrzymania kopii danych osobowych, o kt\u00f3r\u0105 zwraca si\u0119 bezpo\u015brednio do Sp\u00f3\u0142ki w zorganizowanym i powszechnie stosowanym formacie, umo\u017cliwiaj\u0105cym maszynowe odczytanie tych danych;<\/li>\r\n<li>za\u017c\u0105da\u0107 poprawienia swoich danych osobowych, kt\u00f3re kontrolujemy;<\/li>\r\n<li>za\u017c\u0105da\u0107 usuni\u0119cia swoich danych osobowych z naszego systemu;<\/li>\r\n<li>sprzeciwi\u0107 si\u0119 przetwarzaniu przez nas swoich danych osobowych;<\/li>\r\n<li>za\u017c\u0105da\u0107 ograniczenia przetwarzania przez Sp\u00f3\u0142k\u0119 jego danych osobowych;<\/li>\r\n<li>z\u0142o\u017cy\u0107 skarg\u0119 do organu nadzorczego.<\/li>\r\n<\/ol>\r\n<p>Nale\u017cy jednak pami\u0119ta\u0107, \u017ce nie s\u0105 to prawa o charakterze bezwzgl\u0119dnym i mog\u0105 podlega\u0107 naszym wymogom regulacyjnym oraz prawu do obrony naszych uzasadnionych interes\u00f3w.<\/p>\r\n<p>&nbsp;<\/p>\r\n<p>Aby skorzysta\u0107 z wy\u017cej wymienionych praw lub uzyska\u0107 wi\u0119cej informacji na temat rejestru danych, nale\u017cy si\u0119 skontaktowa\u0107 z nasz\u0105 Sp\u00f3\u0142k\u0105 i naszym inspektorem ds.informacji poufnych (DPO, Data Protection Officer), korzystaj\u0105c z poni\u017cszych danych kontaktowych:<\/p>\r\n<p><a href=\"mailto:office@eaglepowerconnect.com\">office@eaglepowerconnect.com<\/a><\/p>\r\n<p>&nbsp;<\/p>\r\n<p>Adres korespondencyjny Sp\u00f3\u0142ki:\u00a0 8A Foster Road, PE2 9RS Peterborough, Cambridgeshire, UK\u00a0<\/p>\r\n<h2>\u00a0<\/h2>\r\n<h4>Przechowywanie danych<\/h4>\r\n<h2>\u00a0<\/h2>\r\n<p>Przechowujemy dane osobowe U\u017cytkownika tak d\u0142ugo, jak jest to wymagane lub konieczne w zwi\u0105zku z naszym serwisem i \u015bwiadczeniem naszych us\u0142ug, oraz w celu zachowania zgodno\u015bci z naszymi prawnymi zobowi\u0105zaniami, rozstrzygania spor\u00f3w i egzekwowania naszych zasad. Okresy przechowywania danych b\u0119d\u0105 ustalane zale\u017cnie od rodzaju zbieranych informacji i celu, dla kt\u00f3rego s\u0105 gromadzone, z uwzgl\u0119dnieniem wymog\u00f3w konkretnej sytuacji i potrzeby zniszczenia przestarza\u0142ych, nieu\u017cywanych informacji w najszybszym rozs\u0105dnym terminie. Zgodnie z obowi\u0105zuj\u0105cymi przepisami b\u0119dziemy przechowywa\u0107 rekordy zawieraj\u0105ce dane osobowe u\u017cytkownika, dokumenty wymagane przy zak\u0142adaniu konta, korespondencj\u0119 i wszelkie inne dokumenty wymagane na podstawie obowi\u0105zuj\u0105cych przepis\u00f3w prawa i regulacji.<\/p>\r\n<p>&nbsp;<\/p>\r\n<p>Zachowujemy prawo do skorygowania, uzupe\u0142nienia lub usuni\u0119cia niepe\u0142nych b\u0105d\u017a niedok\u0142adnych informacji w dowolnym czasie i wed\u0142ug w\u0142asnego uznania.<\/p>\r\n<h2>\u00a0<\/h2>\r\n<h4>Podstawy prawne do gromadzenia danych<\/h4>\r\n<h2>\u00a0<\/h2>\r\n<p>&nbsp;<\/p>\r\n<p>Przetwarzanie danych osobowych u\u017cytkownika (czyli wszelkich informacji, kt\u00f3re mog\u0105, przy zastosowaniu rozs\u0105dnych \u015brodk\u00f3w, umo\u017cliwi\u0107 identyfikacj\u0119 u\u017cytkownika, okre\u015blane dalej jako \u201eDane osobowe\u201d), jest to niezb\u0119dne do wywi\u0105zywania si\u0119 z obowi\u0105zk\u00f3w kontraktowych wobec U\u017cytkownika i do \u015bwiadczenia naszych us\u0142ug, aby chroni\u0107 nasze uzasadnione interesy oraz w celu zapewnienia zgodno\u015bci z wymogami prawnymi i finansowymi, kt\u00f3rym podlegamy.<\/p>\r\n<p>&nbsp;<\/p>\r\n<p>Korzystaj\u0105c z naszego serwisu i strony internetowej oraz Witryny, u\u017cytkownik wyra\u017ca zgod\u0119 na gromadzenie, przechowywanie, wykorzystywanie, ujawnianie i innego typu u\u017cytkowanie jego Danych osobowych, zgodnie z zasadami podanymi w niniejszej Polityce prywatno\u015bci.<\/p>\r\n<p>&nbsp;<\/p>\r\n<p>Zach\u0119camy naszych U\u017cytkownik\u00f3w, aby dok\u0142adnie zapoznali si\u0119 z Polityk\u0105 prywatno\u015bci i na tej podstawie podejmowali \u015bwiadome decyzje.<\/p>\r\n<h2>\u00a0<\/h2>\r\n<h4>Jakie informacje zbieramy i przechowujemy ?<\/h4>\r\n<h2>\u00a0<\/h2>\r\n<p>Przetwarzamy i zbieramy dwa rodzaje danych i informacji od U\u017cytkownik\u00f3w.<\/p>\r\n<p>&nbsp;<\/p>\r\n<p>Pierwszy rodzaj to informacje, kt\u00f3re nie identyfikuj\u0105 ani nie umo\u017cliwiaj\u0105 identyfikacji u\u017cytkownika i mog\u0105 by\u0107 udost\u0119pnione lub zebrane poprzez korzystanie przez u\u017cytkownika z Witryny (\u201einformacje nieb\u0119d\u0105ce danymi osobowymi\u201d). Zebrane informacje nieb\u0119d\u0105ce danymi osobowymi nie umo\u017cliwiaj\u0105 identyfikowania to\u017csamo\u015bci u\u017cytkownika. Mog\u0105 zawiera\u0107 zagregowane informacje o wykorzystaniu oraz informacje techniczne przekazywane przez urz\u0105dzenie U\u017cytkownika, w tym niekt\u00f3re informacje dotycz\u0105ce oprogramowania i sprz\u0119tu (np. rodzaj przegl\u0105darki i system operacyjny wykorzystywany przez dane urz\u0105dzenie, preferowany j\u0119zyk, czas dost\u0119pu itp.). Zbieramy je w celu ulepszenia dzia\u0142ania naszej Witryny. Mo\u017cemy r\u00f3wnie\u017c zbiera\u0107 informacje dotycz\u0105ce aktywno\u015bci U\u017cytkownika w Witrynie (np. wy\u015bwietlane strony, dane przegl\u0105dane online, klikni\u0119cia, podejmowane dzia\u0142ania itp.).<\/p>\r\n<p>&nbsp;<\/p>\r\n<p>Drugi rodzaj informacji to dane osobowe, czyli informacje kt\u00f3re umo\u017cliwiaj\u0105 identyfikacj\u0119 to\u017csamo\u015bci. S\u0105 to informacje, kt\u00f3re identyfikuj\u0105 u\u017cytkownika lub umo\u017cliwiaj\u0105 identyfikacj\u0119 po podj\u0119ciu rozs\u0105dnych wysi\u0142k\u00f3w. Takie informacje obejmuj\u0105:<\/p>\r\n<ul>\r\n<li>Informacje z urz\u0105dzenia: mo\u017cemy gromadzi\u0107 dane osobowe z urz\u0105dzenia u\u017cytkownika. Takie informacje obejmuj\u0105 dane geolokalizacji, adres IP, unikatowe identyfikatory (np. adres MAC i UUID) oraz inne informacje, kt\u00f3re dotycz\u0105 aktywno\u015bci u\u017cytkownika na naszej Witrynie.<\/li>\r\n<\/ul>\r\n<h2>\u00a0<\/h2>\r\n<h4>Jak uzyskujemy informacje o U\u017cytkowniku?<\/h4>\r\n<h2>\u00a0<\/h2>\r\n<p>Otrzymujemy Dane osobowe u\u017cytkownika z r\u00f3\u017cnych \u017ar\u00f3de\u0142:<\/p>\r\n<ul>\r\n<li>gdy u\u017cytkownik podaje nam dobrowolnie swoje dane osobowe, niezb\u0119dne do rejestracji w naszej Witrynie;<\/li>\r\n<li>gdy U\u017cytkownik wykorzystuje nasz\u0105 Witryn\u0119 lub loguje si\u0119 do niej w zwi\u0105zku z korzystaniem z naszych us\u0142ug lub us\u0142ug naszych Partner\u00f3w;<\/li>\r\n<li>od innych firm, us\u0142ugodawc\u00f3w i rejestr\u00f3w publicznych (na przyk\u0142ad firm prowadz\u0105cych analizy ruchu sieciowego).<\/li>\r\n<\/ul>\r\n<h2>\u00a0<\/h2>\r\n<h4>Jak wykorzystywane s\u0105 zebrane informacje? Komu je udost\u0119pniamy?<\/h4>\r\n<h2>\u00a0<\/h2>\r\n<p>Nie u\u017cyczamy, nie sprzedajemy ani nie udost\u0119pniamy informacji o naszych U\u017cytkownikach stronom trzecim z wyj\u0105tkiem sytuacji opisanych w niniejszej Polityce Prywatno\u015bci.<\/p>\r\n<p>&nbsp;<\/p>\r\n<p>Zgromadzone dane osobowe mo\u017cemy wykorzystywa\u0107 w nast\u0119puj\u0105cych przypadkach:<\/p>\r\n<ul>\r\n<li>Do komunikacji z U\u017cytkownikiem \u2014 wysy\u0142aj\u0105c powiadomienia o naszych us\u0142ugach, informacje techniczne oraz odpowiadaj\u0105c na wszelkie problemy wymagaj\u0105ce pomocy biura obs\u0142ugi klienta,<\/li>\r\n<li>Do informowania U\u017cytkownika o wszelkich aktualizacjach i us\u0142ugach;<\/li>\r\n<li>Do przedstawiania u\u017cytkownikowi reklam podczas korzystania z naszej Witryny (zobacz wi\u0119cej informacji w sekcji \u201eReklamy\u201d);<\/li>\r\n<li>Do promocji naszych witryn internetowych i produkt\u00f3w (zobacz wi\u0119cej informacji w sekcji \u201eMarketing\u201d);<\/li>\r\n<li>Do cel\u00f3w statystycznych i analitycznych s\u0142u\u017c\u0105cych poprawie dzia\u0142ania naszej Witryny;<\/li>\r\n<\/ul>\r\n<p>Opr\u00f3cz r\u00f3\u017cnych zastosowa\u0144 wymienionych powy\u017cej, mo\u017cemy przekazywa\u0107 lub ujawnia\u0107 Dane osobowe do naszych sp\u00f3\u0142ek zale\u017cnych, sp\u00f3\u0142ek stowarzyszonych i podwykonawc\u00f3w w tym do naszych Partner\u00f3w;<\/p>\r\n<p>&nbsp;<\/p>\r\n<p>Opr\u00f3cz cel\u00f3w wymienionych w niniejszej Polityce prywatno\u015bci, mo\u017cemy udost\u0119pnia\u0107 Dane osobowe naszym zaufanym zewn\u0119trznym dostawcom, kt\u00f3rzy mog\u0105 mie\u0107 siedziby w r\u00f3\u017cnych krajach na \u015bwiecie, do ka\u017cdego z nast\u0119puj\u0105cych cel\u00f3w :<\/p>\r\n<ul>\r\n<li>Do obs\u0142ugi operacyjnej i \u015bwiadczenia us\u0142ug hostingowych dla naszej Witryny<\/li>\r\n<li>dostarczanie u\u017cytkownikowi naszych us\u0142ug, w tym zapewnianie spersonalizowanego wy\u015bwietlania naszej Witryny;<\/li>\r\n<li>przechowywanie i przetwarzanie takich danych w naszym imieniu;<\/li>\r\n<li>oferowanie u\u017cytkownikowi reklam oraz pomoc w ocenie kampanii reklamowych i zmianie grupy docelowej dla naszych u\u017cytkownik\u00f3w;<\/li>\r\n<li>dostarczanie u\u017cytkownikowi ofert marketingowych i materia\u0142\u00f3w promocyjnych powi\u0105zanych z nasz\u0105 Witryn\u0105 i us\u0142ugami;<\/li>\r\n<li>wykonywanie bada\u0144 rynkowych, diagnostyki technicznej i analiz.<\/li>\r\n<\/ul>\r\n<p>Mo\u017cemy r\u00f3wnie\u017c ujawnia\u0107 dane osobowe, dzia\u0142aj\u0105c w dobrej wierze, \u017ce ujawnienie takich informacji jest pomocne lub racjonalnie niezb\u0119dne do: (i) przestrzegania obowi\u0105zuj\u0105cego prawa, rozporz\u0105dze\u0144, procedur prawnych lub spe\u0142nienia \u017c\u0105da\u0144 organ\u00f3w pa\u0144stwowych, (ii) egzekwowania zasad okre\u015blonych w naszych politykach, w\u0142\u0105cznie z badaniem potencjalnego ich naruszenia, (iii) badania, wykrywania, ochrony lub podejmowania czynno\u015bci dotycz\u0105cych nielegalnej dzia\u0142alno\u015bci, innych wykrocze\u0144, podejrzenia oszustwa lub bezpiecze\u0144stwa, (iv) ustalenia lub wykonania naszych praw do obrony przed roszczeniami prawnymi, (v) ochrony przed uszczerbkiem praw, w\u0142asno\u015bci lub bezpiecze\u0144stwa naszego, naszych U\u017cytkownik\u00f3w lub dowolnej strony trzeciej, (vi) wsp\u00f3\u0142pracy z organami \u015bcigania lub, je\u017celi uznamy to za konieczne, w celu egzekwowania praw w\u0142asno\u015bci intelektualnej lub innych tytu\u0142\u00f3w prawnych.<\/p>\r\n<h2>\u00a0<\/h2>\r\n<h4>Pliki cookie<\/h4>\r\n<h2>\u00a0<\/h2>\r\n<p>Sp\u00f3\u0142ka Eagle Power Connect ltd i nasi zaufani Partnerzy u\u017cywamy plik\u00f3w cookie i innych technologii w naszych powi\u0105zanych us\u0142ugach, w tym podczas odwiedzin u\u017cytkownika w naszej Witrynie lub podczas dost\u0119pu do naszych us\u0142ug.<\/p>\r\n<p>&nbsp;<\/p>\r\n<p>Plik \u201ecookie\u201d to ma\u0142y fragment informacji, kt\u00f3ry witryna internetowa przypisuje do urz\u0105dzenia u\u017cytkownika podczas przegl\u0105dania witryny. Pliki cookie s\u0105 bardzo przydatne i mog\u0105 by\u0107 wykorzystywane do r\u00f3\u017cnych cel\u00f3w. Te cele obejmuj\u0105 usprawnienie poruszania si\u0119 pomi\u0119dzy stronami i umo\u017cliwienie automatycznej aktywacji pewnych funkcji, gdy\u017c zapami\u0119tuj\u0105 preferencje u\u017cytkownika, co u\u0142atwia i przyspiesza interakcje mi\u0119dzy u\u017cytkownikiem a nasz\u0105 Witryn\u0105. Pliki cookie s\u0105 r\u00f3wnie\u017c u\u017cywane, aby wy\u015bwietlane reklamy by\u0142y zgodne z zainteresowaniami u\u017cytkownika, oraz do kompilacji danych statystycznych na temat sposobu korzystania z naszych Us\u0142ug.<\/p>\r\n<p>&nbsp;<\/p>\r\n<p>W Witrynie u\u017cywane s\u0105 nast\u0119puj\u0105ce typy plik\u00f3w cookie:<\/p>\r\n<ol>\r\n<li>\u201epliki cookie sesyjne\u201d, kt\u00f3re s\u0105 przechowywane tylko tymczasowo podczas sesji przegl\u0105dania w celu umo\u017cliwienia normalnego korzystania z systemu i s\u0105 usuwane z urz\u0105dzenia, gdy przegl\u0105darka zostaje zamkni\u0119ta;<\/li>\r\n<\/ol>\r\n<p>&nbsp;<\/p>\r\n<ol>\r\n<li>\u201etrwa\u0142e pliki cookie\u201d, kt\u00f3re s\u0105 odczytywane wy\u0142\u0105cznie przez Witryn\u0119, s\u0105 zapisywane na komputerze u\u017cytkownika na okre\u015blony czas i nie s\u0105 usuwane po zamkni\u0119ciu przegl\u0105darki. Takie pliki cookie s\u0105 u\u017cywane, aby rozpozna\u0107 u\u017cytkownika przy kolejnej wizycie, co umo\u017cliwia na przyk\u0142ad przechowywanie preferencji u\u017cytkownika do wykorzystania przy jego nast\u0119pnym logowaniu;<\/li>\r\n<\/ol>\r\n<p>&nbsp;<\/p>\r\n<ol>\r\n<li>\u201epliki cookie innych firm\u201d, kt\u00f3re s\u0105 ustawiane przez inne firmy \u015bwiadcz\u0105ce us\u0142ugi online, odpowiedzialne za wy\u015bwietlane tre\u015bci przegl\u0105danych stron. S\u0105 to na przyk\u0142ad zewn\u0119trzne firmy analityczne, kt\u00f3re monitoruj\u0105 i analizuj\u0105 dost\u0119p do naszej Witryny.<\/li>\r\n<\/ol>\r\n<p>&nbsp;<\/p>\r\n<p>Pliki cookie nie zawieraj\u0105 \u017cadnych informacji umo\u017cliwiaj\u0105cych zidentyfikowanie u\u017cytkownika, ale przechowywane przez nas dane osobowe umo\u017cliwiaj\u0105 nam powi\u0105zanie u\u017cytkownika z informacjami, kt\u00f3re s\u0105 przechowywane w plikach cookie i uzyskiwane z nich. U\u017cytkownik mo\u017ce wy\u0142\u0105czy\u0107 pliki cookie, post\u0119puj\u0105c zgodnie z instrukcjami podanymi w preferencjach urz\u0105dzenia, jednak wy\u0142\u0105czenie plik\u00f3w cookie mo\u017ce sprawi\u0107, \u017ce niekt\u00f3re funkcje Witryny nie b\u0119d\u0105 dzia\u0142a\u0107 prawid\u0142owo, a korzystanie z niej b\u0119dzie ograniczone.<\/p>\r\n<p>&nbsp;<\/p>\r\n<p>Do gromadzenia informacji o sposobie korzystania z Witryny przez u\u017cytkownika u\u017cywamy narz\u0119dzia opartego o technologi\u0119 Google Analytics. To narz\u0119dzie, kt\u00f3re zbiera informacje o tym, jak cz\u0119sto u\u017cytkownicy uzyskuj\u0105 dost\u0119p do Witryny, jakie strony odwiedzaj\u0105 itp. Nie gromadzi ono jednak \u017cadnych danych osobowych i jest u\u017cywane tylko przez naszego dostawc\u0119 obs\u0142ugi operacyjnej i us\u0142ug hostingowych w celu poprawy dzia\u0142ania jego Witryny i us\u0142ug.<\/p>\r\n<h2>\u00a0<\/h2>\r\n<h4>Korzystanie z bibliotek skrypt\u00f3w (Google Web Fonts)<\/h4>\r\n<h2>\u00a0<\/h2>\r\n<p>W niniejszej witrynie u\u017cywamy bibliotek skrypt\u00f3w i bibliotek czcionek, takich jak Google Web Fonts (<a href=\"https:\/\/www.google.com\/webfonts\">https:\/\/www.google.com\/webfonts<\/a>), aby przedstawiane przez nas tre\u015bci by\u0142y atrakcyjne graficznie i wy\u015bwietla\u0142y si\u0119 poprawnie we wszystkich przegl\u0105darkach. Google Web Fonts s\u0105 zapisywane w pami\u0119ci podr\u0119cznej przegl\u0105darki, aby unikn\u0105\u0107 wielokrotnego ich \u0142adowania. Je\u017celi przegl\u0105darka u\u017cytkownika nie obs\u0142uguje Google Web Fonts lub nie zezwala na dost\u0119p, zawarto\u015b\u0107 b\u0119dzie wy\u015bwietlana w oparciu o czcionk\u0119 domy\u015bln\u0105.\u00a0<\/p>\r\n<ul>\r\n<li>Wywo\u0142anie biblioteki skryptu lub biblioteki czcionek automatycznie uruchamia po\u0142\u0105czenie do operatora biblioteki. Cho\u0107 jest to teoretycznie mo\u017cliwe, obecnie nie jest jasne, czy i w jakim celu operatorzy odpowiednich bibliotek zbieraj\u0105 dane osobowe.<\/li>\r\n<li>Polityk\u0119 prywatno\u015bci operatora biblioteki Google mo\u017cna znale\u017a\u0107 tutaj: <a href=\"https:\/\/www.google.com\/policies\/privacy\">https:\/\/policies.google.com\/privacy?hl=pl<\/a>.<\/li>\r\n<\/ul>\r\n<h2>\u00a0<\/h2>\r\n<h4>Gromadzenie informacji przez Strony trzecie<\/h4>\r\n<h2>\u00a0<\/h2>\r\n<p>Nasza polityka dotyczy wy\u0142\u0105cznie wykorzystywania i ujawniania przez nas informacji, kt\u00f3re dostarczy\u0142 nam U\u017cytkownik. Dane osobowe, kt\u00f3re U\u017cytkownik ujawni\u0142 innym firmom lub witrynom w internecie, mog\u0105 podlega\u0107 innym zasadom dotycz\u0105cym ich wykorzystywania lub ujawniania. Z tego wzgl\u0119du zalecamy u\u017cytkownikom zapoznanie si\u0119 z warunkami korzystania z us\u0142ugi i z polityk\u0105 prywatno\u015bci ka\u017cdej innej firmy, kt\u00f3rej u\u017cytkownik chce ujawni\u0107 swoje dane osobowe.<\/p>\r\n<p>&nbsp;<\/p>\r\n<p>Niniejsza Polityka Prywatno\u015bci nie ma zastosowania do praktyk firm, kt\u00f3rych nie jeste\u015bmy w\u0142a\u015bcicielami ani kt\u00f3rych nie kontrolujemy, jak r\u00f3wnie\u017c do os\u00f3b, kt\u00f3re nie s\u0105 naszymi pracownikami ani nam nie podlegaj\u0105, \u0142\u0105cznie z wszelkimi stronami trzecimi, kt\u00f3rym mo\u017cemy ujawni\u0107 informacje zgodnie z zasadami okre\u015blonymi w niniejszej Polityce Prywatno\u015bci.<\/p>\r\n<h2>\u00a0<\/h2>\r\n<h4>Jak chronimy Twoje dane osobowe?<\/h4>\r\n<h2>\u00a0<\/h2>\r\n<p>Przywi\u0105zujemy du\u017c\u0105 wag\u0119 do wdro\u017cenia system\u00f3w zabezpieczaj\u0105cych i utrzymania bezpiecze\u0144stwa naszej Witryny oraz danych osobowych U\u017cytkownik\u00f3w. Stosujemy najlepsze bran\u017cowe procedury i polityki, aby zapewni\u0107 bezpiecze\u0144stwo zbieranych i przechowywanych danych oraz aby zapobiec ich nieautoryzowanemu wykorzystaniu; ponadto wymagamy, aby strony trzecie spe\u0142nia\u0142y podobne wymagania dotycz\u0105ce procedur bezpiecze\u0144stwa, zgodnie z niniejsz\u0105 Polityk\u0105 prywatno\u015bci. Mimo \u017ce podejmujemy racjonalne kroki w celu zapewnienia bezpiecze\u0144stwa informacji, nie odpowiadamy za dzia\u0142ania os\u00f3b, kt\u00f3re uzyska\u0142y nieautoryzowany dost\u0119p do naszej Witryny lub wykorzysta\u0142y j\u0105 niezgodnie z przeznaczeniem, oraz nie sk\u0142adamy \u017cadnych gwarancji, wyra\u017anych, dorozumianych ani innych, \u017ce uniemo\u017cliwimy taki dost\u0119p.<\/p>\r\n<h2>\u00a0<\/h2>\r\n<h4>Transfer danych poza Europejski Obszar Gospodarczy<\/h4>\r\n<h2>\u00a0<\/h2>\r\n<p>Nale\u017cy pami\u0119ta\u0107, \u017ce niekt\u00f3rzy odbiorcy danych mog\u0105 mie\u0107 swoj\u0105 siedzib\u0119 poza EOG. W takich przypadkach dane osobowe u\u017cytkownika przekazujemy tylko do tych kraj\u00f3w, kt\u00f3re zosta\u0142y zatwierdzone przez Komisj\u0119 Europejsk\u0105 jako kraje gwarantuj\u0105ce odpowiedni poziom ochrony danych lub kt\u00f3re zawar\u0142y umowy prawne zapewniaj\u0105ce odpowiedni poziom ochrony danych.<\/p>\r\n<h2>\u00a0<\/h2>\r\n<h4>Reklamy<\/h4>\r\n<h2>\u00a0<\/h2>\r\n<p>U\u017cywamy technologii zewn\u0119trznych firm reklamowych do obs\u0142ugi reklam podczas uzyskiwania dost\u0119pu do Witryny. Technologia ta pozwala prezentowa\u0107 u\u017cytkownikowi dedykowane reklamy, wykorzystuj\u0105c informacje o sposobie korzystania przez niego z Us\u0142ug (np. umieszczaj\u0105c pliki cookie innych firm w jego przegl\u0105darce).<\/p>\r\n<p>&nbsp;<\/p>\r\n<p>U\u017cytkownik mo\u017ce zrezygnowa\u0107 z wielu sieci reklamowych innych firm, w tym firm, kt\u00f3re s\u0105 cz\u0142onkami organizacji Network Advertising Initiative (\u201eNAI\u201d) lub Digital Advertising Alliance (\u201eDAA\u201d). Aby uzyska\u0107 wi\u0119cej informacji na temat praktyk stosowanych przez firmy nale\u017c\u0105ce do NAI i DAA oraz dost\u0119pnych dla u\u017cytkownika opcji dotycz\u0105cych wykorzystywania informacji przez te firmy, mo\u017cna odwiedzi\u0107 odno\u015bne witryny internetowe:<\/p>\r\n<p><a href=\"http:\/\/optout.networkadvertising.org\/#!\/%20and%20http:\/\/optout.aboutads.info\/%23!\/\">http:\/\/optout.networkadvertising.org\/#! \/ i http:\/\/optout.aboutads.info\/#! \/<\/a>.<\/p>\r\n<h2>\u00a0<\/h2>\r\n<h4>Marketing<\/h4>\r\n<h2>\u00a0<\/h2>\r\n<p>U\u017cywamy Danych osobowych U\u017cytkownika, takich jak imi\u0119 i nazwisko, adres e-mail, numer telefonu itp., sami lub za pomoc\u0105 naszych podwykonawc\u00f3w, w celu dostarczania u\u017cytkownikowi materia\u0142\u00f3w promocyjnych dotycz\u0105cych naszych us\u0142ug, kt\u00f3re, naszym zdaniem, mog\u0105 by\u0107 dla niego interesuj\u0105ce.<\/p>\r\n<p>Ze wzgl\u0119du na poszanowanie prawa U\u017cytkownika do prywatno\u015bci przedstawiamy takie materia\u0142y marketingowe z opcj\u0105 odmowy otrzymywania podobnych ofert marketingowych w przysz\u0142o\u015bci. Je\u017celi u\u017cytkownik zrezygnuje z ich otrzymywania, usuniemy jego adres e-mail lub numer telefonu z naszych marketingowych list dystrybucyjnych.<\/p>\r\n<p>&nbsp;<\/p>\r\n<p>Nale\u017cy pami\u0119ta\u0107, \u017ce nawet je\u017celi u\u017cytkownik zrezygnuje z otrzymywania od nas marketingowych wiadomo\u015bci e-mail, zachowujemy prawo wysy\u0142ania do niego innych rodzaj\u00f3w wa\u017cnych wiadomo\u015bci e-mail, bez oferowania mo\u017cliwo\u015bci rezygnacji z nich. Mog\u0105 one obejmowa\u0107 informacje z biura obs\u0142ugi klienta lub powiadomienia administracyjne.<\/p>\r\n<h2>\u00a0<\/h2>\r\n<h4>Transakcje pomi\u0119dzy sp\u00f3\u0142kami<\/h4>\r\n<h2>\u00a0<\/h2>\r\n<p>Mo\u017cemy udost\u0119pni\u0107 informacje w przypadku transakcji firmowych (np. przy sprzeda\u017cy znacznej cz\u0119\u015bci naszej firmy, fuzji, konsolidacji lub sprzeda\u017cy cz\u0119\u015bci lub ca\u0142o\u015bci aktyw\u00f3w). W takim przypadku osoba lub sp\u00f3\u0142ka przejmuj\u0105ca przyjmuje prawa i obowi\u0105zki, jak opisano w niniejszej Polityce Prywatno\u015bci.<\/p>\r\n<h2>\u00a0<\/h2>\r\n<h4>Osoby niepe\u0142noletnie<\/h4>\r\n<h2>\u00a0<\/h2>\r\n<p>Rozumiemy znaczenie ochrony prywatno\u015bci dzieci, zw\u0142aszcza w \u015brodowisku online. Niniejsza Witryna nie jest przeznaczona dla dzieci ani skierowana do dzieci. W \u017cadnym wypadku nie zezwalamy na korzystanie z naszych us\u0142ug przez osoby niepe\u0142noletnie bez wcze\u015bniejszej zgody wydanej przez rodzica lub opiekuna prawnego. Nie gromadzimy \u015bwiadomie Danych osobowych od os\u00f3b niepe\u0142noletnich. Je\u015bli rodzic lub opiekun prawny dowie si\u0119, \u017ce jego lub jej dziecko przekaza\u0142o nam Dane osobowe bez ich zgody, powinien skontaktowa\u0107 si\u0119 z nami pod adresem<\/p>\r\n<p>mail: <a href=\"mailto:office@eaglepowerconnect.com\">office@eaglepowerconnect.com<\/a> lub pisz\u0105c na adres Sp\u00f3\u0142ki.<\/p>\r\n<p>&nbsp;<\/p>\r\n<h2>\u00a0<\/h2>\r\n<h4>Zmiany i aktualizacje lub poprawki do niniejszej Polityki Prywatno\u015bci<\/h4>\r\n<h2>\u00a0<\/h2>\r\n<p>Zastrzegamy sobie prawo do okresowego wprowadzania poprawek lub zmian w Polityce Prywatno\u015bci. Istotne zmiany zaczn\u0105 obowi\u0105zywa\u0107 natychmiast po opublikowaniu zmienionej Polityki Prywatno\u015bci. Najnowsza wersja zostanie przedstawiona w sekcji \u201eOstatnia modyfikacja\u201d. Dalsze korzystanie z Platformy, po opublikowaniu w witrynie internetowej informacji o wprowadzeniu takich poprawek, stanowi potwierdzenie i zgod\u0119 u\u017cytkownika na takie zmiany w Polityce Prywatno\u015bci i na poddanie si\u0119 warunkom tych zmian.<\/p>\r\n<h2>\u00a0<\/h2>\r\n<h4>Jak si\u0119 z nami skontaktowa\u0107<\/h4>\r\n<h2>\u00a0<\/h2>\r\n<p>W razie jakichkolwiek pyta\u0144 og\u00f3lnych dotycz\u0105cych Witryny, zbieranych informacji o U\u017cytkownikach oraz o sposobie ich wykorzystywania prosimy o kontakt z nami pod adresem mail: <a href=\"mailto:office@eaglepowerconnect.com\">office@eaglepowerconnect.com<\/a><\/p>\r\n<p>&nbsp;<\/p>\r\n<p>Adres Sp\u00f3\u0142ki : 8A Foster Road, PE2 9RS Peterborough, Cambridgeshire, UK\u00a0\u00a0<\/p>\r\n<p>&nbsp;<\/p>\r\n<p>Data ostatniej modyfikacji: 16\/08\/2019<\/p>\r\n","protected":false},"excerpt":{"rendered":"<p>Wprowadzenie \u00a0 W niniejszym dokumencie dotycz\u0105cym Polityki Prywatno\u015bci opisano praktyki stosowane przez Sp\u00f3\u0142k\u0119 Eagle Power Connect Ltd. (\u201emy\u201d, \u201enasz\u201d lub \u201eSp\u00f3\u0142ka\u201d) w odniesieniu do informacji zebranych od Cz\u0142onk\u00f3w, Partner\u00f3w i U\u017cytkownik\u00f3w, kt\u00f3rzy korzystaj\u0105 z dost\u0119pu do naszej Witryny internetowej znajduj\u0105cej si\u0119 pod adresem www.eaglepowerconnect.com (\u201eWitryna\u201d) lub w inny spos\u00f3b udost\u0119pniaj\u0105 nam swoje dane osobowe (zbiorczo: [&hellip;]<\/p>\n","protected":false},"author":1,"featured_media":0,"parent":0,"menu_order":0,"comment_status":"closed","ping_status":"open","template":"","meta":[],"_links":{"self":[{"href":"https:\/\/eaglepowerconnect.com\/pl\/wp-json\/wp\/v2\/pages\/3"}],"collection":[{"href":"https:\/\/eaglepowerconnect.com\/pl\/wp-json\/wp\/v2\/pages"}],"about":[{"href":"https:\/\/eaglepowerconnect.com\/pl\/wp-json\/wp\/v2\/types\/page"}],"author":[{"embeddable":true,"href":"https:\/\/eaglepowerconnect.com\/pl\/wp-json\/wp\/v2\/users\/1"}],"replies":[{"embeddable":true,"href":"https:\/\/eaglepowerconnect.com\/pl\/wp-json\/wp\/v2\/comments?post=3"}],"version-history":[{"count":5,"href":"https:\/\/eaglepowerconnect.com\/pl\/wp-json\/wp\/v2\/pages\/3\/revisions"}],"predecessor-version":[{"id":176,"href":"https:\/\/eaglepowerconnect.com\/pl\/wp-json\/wp\/v2\/pages\/3\/revisions\/176"}],"wp:attachment":[{"href":"https:\/\/eaglepowerconnect.com\/pl\/wp-json\/wp\/v2\/media?parent=3"}],"curies":[{"name":"wp","href":"https:\/\/api.w.org\/{rel}","templated":true}]}}